{"id":10287,"date":"2021-03-30T18:18:45","date_gmt":"2021-03-30T16:18:45","guid":{"rendered":"https:\/\/decora-zone.com\/?post_type=product&#038;p=10287"},"modified":"2025-10-24T19:05:01","modified_gmt":"2025-10-24T18:05:01","slug":"alfombra-sanderson-rain-forest","status":"publish","type":"product","link":"https:\/\/decora-zone.com\/en\/producto\/alfombra-sanderson-rain-forest\/","title":{"rendered":"Alfombra Sanderson Rain Forest"},"content":{"rendered":"<h1><strong>Alfombra Sanderson Rain Forest<\/strong><\/h1>\n<h2><strong>100% Pura Lana Virgen<\/strong><\/h2>\n<p>Descubre la Alfombra Sanderson Rain Forest, una pieza exquisita de la prestigiosa colaboraci\u00f3n entre Brink &amp; Campman<strong>,<\/strong> uno de los fabricantes de alfombras m\u00e1s innovadores del mundo, y la ic\u00f3nica marca de interiores Sanderson.<\/p>\n<p>Fundada en 1860, Sanderson es reconocida internacionalmente por sus atemporales dise\u00f1os dibujados a mano e inspirados en paletas de jardines ingleses. Esta alfombra fusiona la elegancia cl\u00e1sica de Sanderson con una vibrante explosi\u00f3n tropical y nocturna.<\/p>\n<p>El dise\u00f1o presenta una exuberante selva con palmeras, flores ex\u00f3ticas y un majestuoso ave, todo ello ejecutado con una rica paleta de colores sobre un profundo fondo azul marino. Cada alfombra es una obra de arte que transforma cualquier espacio, a\u00f1adiendo un toque sutil de lujo y una declaraci\u00f3n de estilo inigualable.<\/p>\n<ul>\n<li><strong>Dise\u00f1o:\u00a0<\/strong>Floral<\/li>\n<li><strong>Material:\u00a0<\/strong>Lana<\/li>\n<li><strong>Altura del pelo: <\/strong>aproximadamente 12 mm (mezcla de bucles y pelo cortado)<\/li>\n<li><strong>Altura total: <\/strong>aproximadamente 17 mm<\/li>\n<li><strong>Peso del pelo:<\/strong> aproximadamente2500gr\/m2<\/li>\n<li><strong>Peso total:<\/strong> aproximadamente 4500gr\/m2<\/li>\n<li><strong>Confecci\u00f3n:<\/strong> Copetudo a mano<\/li>\n<li><strong data-start=\"1049\" data-end=\"1060\">Reverso<\/strong>: Algod\u00f3n con l\u00e1tex, ideal para mayor estabilidad y durabilidad<\/li>\n<li><strong data-start=\"1265\" data-end=\"1289\">Formatos disponibles<\/strong>: 140&#215;200 cm, 170&#215;240 cm, 200&#215;280 cm, 250&#215;350 cm, t<em data-start=\"1397\" data-end=\"1438\">ambi\u00e9n disponible a medida bajo pedido<\/em><\/li>\n<\/ul>\n<h4>Consejos de Conservaci\u00f3n y Limpieza:<\/h4>\n<p>Aspira regularmente la alfombra en direcci\u00f3n del pelo para eliminar el polvo y la suciedad superficial.<br \/>\n* Para manchas peque\u00f1as, l\u00edmpiala suavemente con un pa\u00f1o h\u00famedo y un detergente suave. Evita frotar en exceso para no da\u00f1ar las fibras.<br \/>\n* Se recomienda una limpieza profesional anual para mantener la alfombra en \u00f3ptimas condiciones y prolongar su vida \u00fatil.<br \/>\n* Evita la exposici\u00f3n directa y prolongada a la luz solar para prevenir la decoloraci\u00f3n.<\/p>\n<p>Plazo aproximado de entrega 5 semanas. Tama\u00f1os personalizados bajo pedido (m\u00ednimo 4m2) plazo aproximado de entrega 19 semanas<\/p>\n<p>Todas las medidas son aproximadas, puede haber una variaci\u00f3n de hasta un 5%<\/p>\n<p><strong>Si est\u00e1 interesado en alguno de nuestros art\u00edculos que est\u00e9n sin stock, puede reservarlos poni\u00e9ndose en <a href=\"http:\/\/decora-zone.com\/contacto-decora-zone-alfombras-cortinas-decoracion-bilbao\/\">contacto con nosotros<\/a>.<\/strong><\/p>\n","protected":false},"excerpt":{"rendered":"<h2><strong>100% Pura Lana Virgen<\/strong><\/h2>\n<p>Descubre la <b>Alfombra Rain Forest<\/b>, una pieza exquisita de la prestigiosa colaboraci\u00f3n entre <b>Brink &amp; Campman<\/b>, uno de los fabricantes de alfombras m\u00e1s innovadores del mundo, y la ic\u00f3nica marca de interiores <b>Sanderson<\/b>.<\/p>\n<p>Fundada en 1860, Sanderson es reconocida internacionalmente por sus atemporales dise\u00f1os dibujados a mano e inspirados en paletas de jardines ingleses. Esta alfombra fusiona la elegancia cl\u00e1sica de Sanderson con una vibrante explosi\u00f3n tropical y nocturna.<\/p>\n<p>El dise\u00f1o presenta una exuberante selva con palmeras, flores ex\u00f3ticas y un majestuoso ave, todo ello ejecutado con una rica paleta de colores sobre un profundo fondo azul marino. Cada alfombra es una obra de arte que transforma cualquier espacio, a\u00f1adiendo un toque sutil de lujo y una declaraci\u00f3n de estilo inigualable.<\/p>\n","protected":false},"featured_media":23218,"comment_status":"open","ping_status":"closed","template":"","meta":[],"product_brand":[],"product_cat":[21,57],"product_tag":[32,28,61,27,23,24,30,702,29],"class_list":{"0":"post-10287","1":"product","2":"type-product","3":"status-publish","4":"has-post-thumbnail","6":"product_cat-alfombras-bilbao-tienda-decoracion-santutxu","7":"product_cat-alfombras-lana-bilbao-tienda-decoracion-santutxu","8":"product_tag-alfombras","9":"product_tag-bilbao","10":"product_tag-brink-campman","11":"product_tag-decora-zone","12":"product_tag-decoracion","13":"product_tag-hogar","14":"product_tag-lana","15":"product_tag-sanderson","16":"product_tag-santutxu","17":"pa_medida-140x200cm","18":"pa_medida-170x240cm","19":"pa_medida-200x280cm","20":"pa_medida-250x350cm","22":"first","23":"outofstock","24":"shipping-taxable","25":"purchasable","26":"product-type-variable"},"yoast_head":"<!-- This site is optimized with the Yoast SEO plugin v27.5 - https:\/\/yoast.com\/product\/yoast-seo-wordpress\/ -->\n<title>Alfombra Sanderson Rain Forest Alfombra rain forest - Decora-zone<\/title>\n<meta name=\"description\" content=\"Alfombra Sanderson Rain Forest Tropical Nights. Dise\u00f1o exuberante en lana virgen.\u00a1A\u00f1ade un toque de lujo tropical a tu hogar!\" \/>\n<meta name=\"robots\" content=\"index, follow, max-snippet:-1, max-image-preview:large, max-video-preview:-1\" \/>\n<link rel=\"canonical\" href=\"https:\/\/decora-zone.com\/producto\/alfombra-sanderson-rain-forest\/\" \/>\n<meta property=\"og:locale\" content=\"en_US\" \/>\n<meta property=\"og:type\" content=\"article\" \/>\n<meta property=\"og:title\" content=\"Alfombra Sanderson Rain Forest Alfombra rain forest - Decora-zone\" \/>\n<meta property=\"og:description\" content=\"Alfombra Sanderson Rain Forest Tropical Nights. Dise\u00f1o exuberante en lana virgen.\u00a1A\u00f1ade un toque de lujo tropical a tu hogar!\" \/>\n<meta property=\"og:url\" content=\"https:\/\/decora-zone.com\/producto\/alfombra-sanderson-rain-forest\/\" \/>\n<meta property=\"og:site_name\" content=\"Decora-zone\" \/>\n<meta property=\"article:publisher\" content=\"https:\/\/www.facebook.com\/decorazone.bilbao\/\" \/>\n<meta property=\"article:modified_time\" content=\"2025-10-24T18:05:01+00:00\" \/>\n<meta property=\"og:image\" content=\"https:\/\/decora-zone.com\/wp-content\/uploads\/2021\/03\/05Alfombra-lana-Decorazone-Sanderson-Rain-forest-tropical-nights-050708a-1.jpg\" \/>\n\t<meta property=\"og:image:width\" content=\"1037\" \/>\n\t<meta property=\"og:image:height\" content=\"1400\" \/>\n\t<meta property=\"og:image:type\" content=\"image\/jpeg\" \/>\n<meta name=\"twitter:label1\" content=\"Est. reading time\" \/>\n\t<meta name=\"twitter:data1\" content=\"1 minute\" \/>\n<script type=\"application\/ld+json\" class=\"yoast-schema-graph\">{\"@context\":\"https:\\\/\\\/schema.org\",\"@graph\":[{\"@type\":\"WebPage\",\"@id\":\"https:\\\/\\\/decora-zone.com\\\/producto\\\/alfombra-sanderson-rain-forest\\\/\",\"url\":\"https:\\\/\\\/decora-zone.com\\\/producto\\\/alfombra-sanderson-rain-forest\\\/\",\"name\":\"Alfombra Sanderson Rain Forest Alfombra rain forest - Decora-zone\",\"isPartOf\":{\"@id\":\"https:\\\/\\\/decora-zone.com\\\/#website\"},\"primaryImageOfPage\":{\"@id\":\"https:\\\/\\\/decora-zone.com\\\/producto\\\/alfombra-sanderson-rain-forest\\\/#primaryimage\"},\"image\":{\"@id\":\"https:\\\/\\\/decora-zone.com\\\/producto\\\/alfombra-sanderson-rain-forest\\\/#primaryimage\"},\"thumbnailUrl\":\"https:\\\/\\\/decora-zone.com\\\/wp-content\\\/uploads\\\/2021\\\/03\\\/05Alfombra-lana-Decorazone-Sanderson-Rain-forest-tropical-nights-050708a-1.jpg\",\"datePublished\":\"2021-03-30T16:18:45+00:00\",\"dateModified\":\"2025-10-24T18:05:01+00:00\",\"description\":\"Alfombra Sanderson Rain Forest Tropical Nights. Dise\u00f1o exuberante en lana virgen.\u00a1A\u00f1ade un toque de lujo tropical a tu hogar!\",\"breadcrumb\":{\"@id\":\"https:\\\/\\\/decora-zone.com\\\/producto\\\/alfombra-sanderson-rain-forest\\\/#breadcrumb\"},\"inLanguage\":\"en-US\",\"potentialAction\":[{\"@type\":\"ReadAction\",\"target\":[\"https:\\\/\\\/decora-zone.com\\\/producto\\\/alfombra-sanderson-rain-forest\\\/\"]}]},{\"@type\":\"ImageObject\",\"inLanguage\":\"en-US\",\"@id\":\"https:\\\/\\\/decora-zone.com\\\/producto\\\/alfombra-sanderson-rain-forest\\\/#primaryimage\",\"url\":\"https:\\\/\\\/decora-zone.com\\\/wp-content\\\/uploads\\\/2021\\\/03\\\/05Alfombra-lana-Decorazone-Sanderson-Rain-forest-tropical-nights-050708a-1.jpg\",\"contentUrl\":\"https:\\\/\\\/decora-zone.com\\\/wp-content\\\/uploads\\\/2021\\\/03\\\/05Alfombra-lana-Decorazone-Sanderson-Rain-forest-tropical-nights-050708a-1.jpg\",\"width\":1037,\"height\":1400,\"caption\":\"Alfombra Sanderson Ra\"},{\"@type\":\"BreadcrumbList\",\"@id\":\"https:\\\/\\\/decora-zone.com\\\/producto\\\/alfombra-sanderson-rain-forest\\\/#breadcrumb\",\"itemListElement\":[{\"@type\":\"ListItem\",\"position\":1,\"name\":\"Portada\",\"item\":\"https:\\\/\\\/decora-zone.com\\\/\"},{\"@type\":\"ListItem\",\"position\":2,\"name\":\"Productos\",\"item\":\"https:\\\/\\\/decora-zone.com\\\/tienda-alfombras-cortinas-bilbao\\\/\"},{\"@type\":\"ListItem\",\"position\":3,\"name\":\"Alfombra Sanderson Rain Forest\"}]},{\"@type\":\"WebSite\",\"@id\":\"https:\\\/\\\/decora-zone.com\\\/#website\",\"url\":\"https:\\\/\\\/decora-zone.com\\\/\",\"name\":\"Decora-zone\",\"description\":\"Especialistas en cortinas y alfombras de dise\u00f1o en Bilbao\",\"publisher\":{\"@id\":\"https:\\\/\\\/decora-zone.com\\\/#organization\"},\"potentialAction\":[{\"@type\":\"SearchAction\",\"target\":{\"@type\":\"EntryPoint\",\"urlTemplate\":\"https:\\\/\\\/decora-zone.com\\\/?s={search_term_string}\"},\"query-input\":{\"@type\":\"PropertyValueSpecification\",\"valueRequired\":true,\"valueName\":\"search_term_string\"}}],\"inLanguage\":\"en-US\"},{\"@type\":\"Organization\",\"@id\":\"https:\\\/\\\/decora-zone.com\\\/#organization\",\"name\":\"Decora-Zone Tienda de Decoraci\u00f3n en Bilbao\",\"url\":\"https:\\\/\\\/decora-zone.com\\\/\",\"logo\":{\"@type\":\"ImageObject\",\"inLanguage\":\"en-US\",\"@id\":\"https:\\\/\\\/decora-zone.com\\\/#\\\/schema\\\/logo\\\/image\\\/\",\"url\":\"https:\\\/\\\/decora-zone.com\\\/wp-content\\\/uploads\\\/2014\\\/02\\\/logotipo-decora-zone-alfombras-cortinas-decoracion-bilbao.jpg\",\"contentUrl\":\"https:\\\/\\\/decora-zone.com\\\/wp-content\\\/uploads\\\/2014\\\/02\\\/logotipo-decora-zone-alfombras-cortinas-decoracion-bilbao.jpg\",\"width\":484,\"height\":230,\"caption\":\"Decora-Zone Tienda de Decoraci\u00f3n en Bilbao\"},\"image\":{\"@id\":\"https:\\\/\\\/decora-zone.com\\\/#\\\/schema\\\/logo\\\/image\\\/\"},\"sameAs\":[\"https:\\\/\\\/www.facebook.com\\\/decorazone.bilbao\\\/\",\"https:\\\/\\\/www.instagram.com\\\/decora_zone_\\\/\",\"https:\\\/\\\/co.pinterest.com\\\/Decora_Zone\\\/\"]}]}<\/script>\n<!-- \/ Yoast SEO plugin. -->","yoast_head_json":{"title":"Alfombra Sanderson Rain Forest Alfombra rain forest - Decora-zone","description":"Alfombra Sanderson Rain Forest Tropical Nights. Dise\u00f1o exuberante en lana virgen.\u00a1A\u00f1ade un toque de lujo tropical a tu hogar!","robots":{"index":"index","follow":"follow","max-snippet":"max-snippet:-1","max-image-preview":"max-image-preview:large","max-video-preview":"max-video-preview:-1"},"canonical":"https:\/\/decora-zone.com\/producto\/alfombra-sanderson-rain-forest\/","og_locale":"en_US","og_type":"article","og_title":"Alfombra Sanderson Rain Forest Alfombra rain forest - Decora-zone","og_description":"Alfombra Sanderson Rain Forest Tropical Nights. Dise\u00f1o exuberante en lana virgen.\u00a1A\u00f1ade un toque de lujo tropical a tu hogar!","og_url":"https:\/\/decora-zone.com\/producto\/alfombra-sanderson-rain-forest\/","og_site_name":"Decora-zone","article_publisher":"https:\/\/www.facebook.com\/decorazone.bilbao\/","article_modified_time":"2025-10-24T18:05:01+00:00","og_image":[{"width":1037,"height":1400,"url":"https:\/\/decora-zone.com\/wp-content\/uploads\/2021\/03\/05Alfombra-lana-Decorazone-Sanderson-Rain-forest-tropical-nights-050708a-1.jpg","type":"image\/jpeg"}],"twitter_misc":{"Est. reading time":"1 minute"},"schema":{"@context":"https:\/\/schema.org","@graph":[{"@type":"WebPage","@id":"https:\/\/decora-zone.com\/producto\/alfombra-sanderson-rain-forest\/","url":"https:\/\/decora-zone.com\/producto\/alfombra-sanderson-rain-forest\/","name":"Alfombra Sanderson Rain Forest Alfombra rain forest - Decora-zone","isPartOf":{"@id":"https:\/\/decora-zone.com\/#website"},"primaryImageOfPage":{"@id":"https:\/\/decora-zone.com\/producto\/alfombra-sanderson-rain-forest\/#primaryimage"},"image":{"@id":"https:\/\/decora-zone.com\/producto\/alfombra-sanderson-rain-forest\/#primaryimage"},"thumbnailUrl":"https:\/\/decora-zone.com\/wp-content\/uploads\/2021\/03\/05Alfombra-lana-Decorazone-Sanderson-Rain-forest-tropical-nights-050708a-1.jpg","datePublished":"2021-03-30T16:18:45+00:00","dateModified":"2025-10-24T18:05:01+00:00","description":"Alfombra Sanderson Rain Forest Tropical Nights. Dise\u00f1o exuberante en lana virgen.\u00a1A\u00f1ade un toque de lujo tropical a tu hogar!","breadcrumb":{"@id":"https:\/\/decora-zone.com\/producto\/alfombra-sanderson-rain-forest\/#breadcrumb"},"inLanguage":"en-US","potentialAction":[{"@type":"ReadAction","target":["https:\/\/decora-zone.com\/producto\/alfombra-sanderson-rain-forest\/"]}]},{"@type":"ImageObject","inLanguage":"en-US","@id":"https:\/\/decora-zone.com\/producto\/alfombra-sanderson-rain-forest\/#primaryimage","url":"https:\/\/decora-zone.com\/wp-content\/uploads\/2021\/03\/05Alfombra-lana-Decorazone-Sanderson-Rain-forest-tropical-nights-050708a-1.jpg","contentUrl":"https:\/\/decora-zone.com\/wp-content\/uploads\/2021\/03\/05Alfombra-lana-Decorazone-Sanderson-Rain-forest-tropical-nights-050708a-1.jpg","width":1037,"height":1400,"caption":"Alfombra Sanderson Ra"},{"@type":"BreadcrumbList","@id":"https:\/\/decora-zone.com\/producto\/alfombra-sanderson-rain-forest\/#breadcrumb","itemListElement":[{"@type":"ListItem","position":1,"name":"Portada","item":"https:\/\/decora-zone.com\/"},{"@type":"ListItem","position":2,"name":"Productos","item":"https:\/\/decora-zone.com\/tienda-alfombras-cortinas-bilbao\/"},{"@type":"ListItem","position":3,"name":"Alfombra Sanderson Rain Forest"}]},{"@type":"WebSite","@id":"https:\/\/decora-zone.com\/#website","url":"https:\/\/decora-zone.com\/","name":"Decora-zone","description":"Especialistas en cortinas y alfombras de dise\u00f1o en Bilbao","publisher":{"@id":"https:\/\/decora-zone.com\/#organization"},"potentialAction":[{"@type":"SearchAction","target":{"@type":"EntryPoint","urlTemplate":"https:\/\/decora-zone.com\/?s={search_term_string}"},"query-input":{"@type":"PropertyValueSpecification","valueRequired":true,"valueName":"search_term_string"}}],"inLanguage":"en-US"},{"@type":"Organization","@id":"https:\/\/decora-zone.com\/#organization","name":"Decora-Zone Tienda de Decoraci\u00f3n en Bilbao","url":"https:\/\/decora-zone.com\/","logo":{"@type":"ImageObject","inLanguage":"en-US","@id":"https:\/\/decora-zone.com\/#\/schema\/logo\/image\/","url":"https:\/\/decora-zone.com\/wp-content\/uploads\/2014\/02\/logotipo-decora-zone-alfombras-cortinas-decoracion-bilbao.jpg","contentUrl":"https:\/\/decora-zone.com\/wp-content\/uploads\/2014\/02\/logotipo-decora-zone-alfombras-cortinas-decoracion-bilbao.jpg","width":484,"height":230,"caption":"Decora-Zone Tienda de Decoraci\u00f3n en Bilbao"},"image":{"@id":"https:\/\/decora-zone.com\/#\/schema\/logo\/image\/"},"sameAs":["https:\/\/www.facebook.com\/decorazone.bilbao\/","https:\/\/www.instagram.com\/decora_zone_\/","https:\/\/co.pinterest.com\/Decora_Zone\/"]}]}},"_links":{"self":[{"href":"https:\/\/decora-zone.com\/en\/wp-json\/wp\/v2\/product\/10287","targetHints":{"allow":["GET"]}}],"collection":[{"href":"https:\/\/decora-zone.com\/en\/wp-json\/wp\/v2\/product"}],"about":[{"href":"https:\/\/decora-zone.com\/en\/wp-json\/wp\/v2\/types\/product"}],"replies":[{"embeddable":true,"href":"https:\/\/decora-zone.com\/en\/wp-json\/wp\/v2\/comments?post=10287"}],"wp:featuredmedia":[{"embeddable":true,"href":"https:\/\/decora-zone.com\/en\/wp-json\/wp\/v2\/media\/23218"}],"wp:attachment":[{"href":"https:\/\/decora-zone.com\/en\/wp-json\/wp\/v2\/media?parent=10287"}],"wp:term":[{"taxonomy":"product_brand","embeddable":true,"href":"https:\/\/decora-zone.com\/en\/wp-json\/wp\/v2\/product_brand?post=10287"},{"taxonomy":"product_cat","embeddable":true,"href":"https:\/\/decora-zone.com\/en\/wp-json\/wp\/v2\/product_cat?post=10287"},{"taxonomy":"product_tag","embeddable":true,"href":"https:\/\/decora-zone.com\/en\/wp-json\/wp\/v2\/product_tag?post=10287"}],"curies":[{"name":"wp","href":"https:\/\/api.w.org\/{rel}","templated":true}]}}