{"id":10045,"date":"2021-01-20T11:55:57","date_gmt":"2021-01-20T09:55:57","guid":{"rendered":"https:\/\/decora-zone.com\/?post_type=product&#038;p=10045"},"modified":"2025-03-10T18:04:45","modified_gmt":"2025-03-10T17:04:45","slug":"alfombra-santana-803","status":"publish","type":"product","link":"https:\/\/decora-zone.com\/en\/producto\/alfombra-santana-803\/","title":{"rendered":"Alfombra Santana 803"},"content":{"rendered":"<p><strong>Alfombra Santana 803<\/strong><\/p>\n<p><strong>100% Poli\u00e9ster.<\/strong><\/p>\n<p>Presentada por la firma de referencia nacional Sualsa,\u00a0la calidad Santana son alfombras acr\u00edlicas fabricadas en Crevillente.<\/p>\n<p>Un dise\u00f1o jaspeado en azul o beig\u00a0 y dibujo labrado, hacen que sea una alfombra que imprime personalidad en cualquier estancia adue\u00f1\u00e1ndose de todas las miradas.<\/p>\n<p>Adem\u00e1s de las medidas estandar tambi\u00e9n est\u00e1 disponible en tira de pasillo al corte a medida en ancho de 67 cm.<\/p>\n<p>Grosor: 12 mm.<\/p>\n<p><strong>Si est\u00e1 interesado en alguno de nuestros art\u00edculos que est\u00e9n sin stock, puede reservarlos poni\u00e9ndose en <a href=\"http:\/\/decora-zone.com\/contacto-decora-zone-alfombras-cortinas-decoracion-bilbao\/\">contacto con nosotros<\/a>.<\/strong><\/p>\n<p>&nbsp;<\/p>\n","protected":false},"excerpt":{"rendered":"<p><strong>100% Poli\u00e9ster.<\/strong><\/p>\n<p>Presentada por la firma de referencia nacional Sualsa,\u00a0la calidad Santana son alfombras acr\u00edlicas fabricadas en Crevillente.<\/p>\n<p>Un dise\u00f1o jaspeado en azul o beig\u00a0 y dibujo labrado, hacen que sea una alfombra que imprime personalidad en cualquier estancia adue\u00f1\u00e1ndose de todas las miradas.<\/p>\n","protected":false},"featured_media":10051,"comment_status":"open","ping_status":"closed","template":"","meta":[],"product_brand":[],"product_cat":[56,21],"product_tag":[22,32,28,27,23,621,24,599,29],"class_list":{"0":"post-10045","1":"product","2":"type-product","3":"status-publish","4":"has-post-thumbnail","6":"product_cat-alfombras-acrilicas-en-bilbao-tienda-decoracion-bilbao-santutxu","7":"product_cat-alfombras-bilbao-tienda-decoracion-santutxu","8":"product_tag-acrilicas","9":"product_tag-alfombras","10":"product_tag-bilbao","11":"product_tag-decora-zone","12":"product_tag-decoracion","13":"product_tag-envejecido","14":"product_tag-hogar","15":"product_tag-moderno","16":"product_tag-santutxu","17":"pa_medida-100x150cm","18":"pa_medida-133x190cm","19":"pa_medida-160x235cm","20":"pa_medida-200x285cm","21":"pa_medida-67x120cm","23":"first","24":"outofstock","25":"sale","26":"shipping-taxable","27":"purchasable","28":"product-type-variable"},"yoast_head":"<!-- This site is optimized with the Yoast SEO plugin v27.5 - https:\/\/yoast.com\/product\/yoast-seo-wordpress\/ -->\n<title>Alfombra Santana 803Alfombra Santana 803 - Decora-zone<\/title>\n<meta name=\"description\" content=\"Alfombra Santana 803 100% Poliester de la firma de referencia nacional Sualsa en Decora-Zone de Bilbao, jaspeado en azul o beig.\" \/>\n<meta name=\"robots\" content=\"index, follow, max-snippet:-1, max-image-preview:large, max-video-preview:-1\" \/>\n<link rel=\"canonical\" href=\"https:\/\/decora-zone.com\/producto\/alfombra-santana-803\/\" \/>\n<meta property=\"og:locale\" content=\"en_US\" \/>\n<meta property=\"og:type\" content=\"article\" \/>\n<meta property=\"og:title\" content=\"Alfombra Santana 803Alfombra Santana 803 - Decora-zone\" \/>\n<meta property=\"og:description\" content=\"Alfombra Santana 803 100% Poliester de la firma de referencia nacional Sualsa en Decora-Zone de Bilbao, jaspeado en azul o beig.\" \/>\n<meta property=\"og:url\" content=\"https:\/\/decora-zone.com\/producto\/alfombra-santana-803\/\" \/>\n<meta property=\"og:site_name\" content=\"Decora-zone\" \/>\n<meta property=\"article:publisher\" content=\"https:\/\/www.facebook.com\/decorazone.bilbao\/\" \/>\n<meta property=\"article:modified_time\" content=\"2025-03-10T17:04:45+00:00\" \/>\n<meta property=\"og:image\" content=\"https:\/\/decora-zone.com\/wp-content\/uploads\/2021\/01\/Santana-Azul-803a.jpg\" \/>\n\t<meta property=\"og:image:width\" content=\"768\" \/>\n\t<meta property=\"og:image:height\" content=\"768\" \/>\n\t<meta property=\"og:image:type\" content=\"image\/jpeg\" \/>\n<script type=\"application\/ld+json\" class=\"yoast-schema-graph\">{\"@context\":\"https:\\\/\\\/schema.org\",\"@graph\":[{\"@type\":\"WebPage\",\"@id\":\"https:\\\/\\\/decora-zone.com\\\/producto\\\/alfombra-santana-803\\\/\",\"url\":\"https:\\\/\\\/decora-zone.com\\\/producto\\\/alfombra-santana-803\\\/\",\"name\":\"Alfombra Santana 803Alfombra Santana 803 - Decora-zone\",\"isPartOf\":{\"@id\":\"https:\\\/\\\/decora-zone.com\\\/#website\"},\"primaryImageOfPage\":{\"@id\":\"https:\\\/\\\/decora-zone.com\\\/producto\\\/alfombra-santana-803\\\/#primaryimage\"},\"image\":{\"@id\":\"https:\\\/\\\/decora-zone.com\\\/producto\\\/alfombra-santana-803\\\/#primaryimage\"},\"thumbnailUrl\":\"https:\\\/\\\/decora-zone.com\\\/wp-content\\\/uploads\\\/2021\\\/01\\\/Santana-Azul-803a.jpg\",\"datePublished\":\"2021-01-20T09:55:57+00:00\",\"dateModified\":\"2025-03-10T17:04:45+00:00\",\"description\":\"Alfombra Santana 803 100% Poliester de la firma de referencia nacional Sualsa en Decora-Zone de Bilbao, jaspeado en azul o beig.\",\"breadcrumb\":{\"@id\":\"https:\\\/\\\/decora-zone.com\\\/producto\\\/alfombra-santana-803\\\/#breadcrumb\"},\"inLanguage\":\"en-US\",\"potentialAction\":[{\"@type\":\"ReadAction\",\"target\":[\"https:\\\/\\\/decora-zone.com\\\/producto\\\/alfombra-santana-803\\\/\"]}]},{\"@type\":\"ImageObject\",\"inLanguage\":\"en-US\",\"@id\":\"https:\\\/\\\/decora-zone.com\\\/producto\\\/alfombra-santana-803\\\/#primaryimage\",\"url\":\"https:\\\/\\\/decora-zone.com\\\/wp-content\\\/uploads\\\/2021\\\/01\\\/Santana-Azul-803a.jpg\",\"contentUrl\":\"https:\\\/\\\/decora-zone.com\\\/wp-content\\\/uploads\\\/2021\\\/01\\\/Santana-Azul-803a.jpg\",\"width\":768,\"height\":768,\"caption\":\"Alfombra Santana Azul 803\"},{\"@type\":\"BreadcrumbList\",\"@id\":\"https:\\\/\\\/decora-zone.com\\\/producto\\\/alfombra-santana-803\\\/#breadcrumb\",\"itemListElement\":[{\"@type\":\"ListItem\",\"position\":1,\"name\":\"Portada\",\"item\":\"https:\\\/\\\/decora-zone.com\\\/\"},{\"@type\":\"ListItem\",\"position\":2,\"name\":\"Productos\",\"item\":\"https:\\\/\\\/decora-zone.com\\\/tienda-alfombras-cortinas-bilbao\\\/\"},{\"@type\":\"ListItem\",\"position\":3,\"name\":\"Alfombra Santana 803\"}]},{\"@type\":\"WebSite\",\"@id\":\"https:\\\/\\\/decora-zone.com\\\/#website\",\"url\":\"https:\\\/\\\/decora-zone.com\\\/\",\"name\":\"Decora-zone\",\"description\":\"Especialistas en cortinas y alfombras de dise\u00f1o en Bilbao\",\"publisher\":{\"@id\":\"https:\\\/\\\/decora-zone.com\\\/#organization\"},\"potentialAction\":[{\"@type\":\"SearchAction\",\"target\":{\"@type\":\"EntryPoint\",\"urlTemplate\":\"https:\\\/\\\/decora-zone.com\\\/?s={search_term_string}\"},\"query-input\":{\"@type\":\"PropertyValueSpecification\",\"valueRequired\":true,\"valueName\":\"search_term_string\"}}],\"inLanguage\":\"en-US\"},{\"@type\":\"Organization\",\"@id\":\"https:\\\/\\\/decora-zone.com\\\/#organization\",\"name\":\"Decora-Zone Tienda de Decoraci\u00f3n en Bilbao\",\"url\":\"https:\\\/\\\/decora-zone.com\\\/\",\"logo\":{\"@type\":\"ImageObject\",\"inLanguage\":\"en-US\",\"@id\":\"https:\\\/\\\/decora-zone.com\\\/#\\\/schema\\\/logo\\\/image\\\/\",\"url\":\"https:\\\/\\\/decora-zone.com\\\/wp-content\\\/uploads\\\/2014\\\/02\\\/logotipo-decora-zone-alfombras-cortinas-decoracion-bilbao.jpg\",\"contentUrl\":\"https:\\\/\\\/decora-zone.com\\\/wp-content\\\/uploads\\\/2014\\\/02\\\/logotipo-decora-zone-alfombras-cortinas-decoracion-bilbao.jpg\",\"width\":484,\"height\":230,\"caption\":\"Decora-Zone Tienda de Decoraci\u00f3n en Bilbao\"},\"image\":{\"@id\":\"https:\\\/\\\/decora-zone.com\\\/#\\\/schema\\\/logo\\\/image\\\/\"},\"sameAs\":[\"https:\\\/\\\/www.facebook.com\\\/decorazone.bilbao\\\/\",\"https:\\\/\\\/www.instagram.com\\\/decora_zone_\\\/\",\"https:\\\/\\\/co.pinterest.com\\\/Decora_Zone\\\/\"]}]}<\/script>\n<!-- \/ Yoast SEO plugin. -->","yoast_head_json":{"title":"Alfombra Santana 803Alfombra Santana 803 - Decora-zone","description":"Alfombra Santana 803 100% Poliester de la firma de referencia nacional Sualsa en Decora-Zone de Bilbao, jaspeado en azul o beig.","robots":{"index":"index","follow":"follow","max-snippet":"max-snippet:-1","max-image-preview":"max-image-preview:large","max-video-preview":"max-video-preview:-1"},"canonical":"https:\/\/decora-zone.com\/producto\/alfombra-santana-803\/","og_locale":"en_US","og_type":"article","og_title":"Alfombra Santana 803Alfombra Santana 803 - Decora-zone","og_description":"Alfombra Santana 803 100% Poliester de la firma de referencia nacional Sualsa en Decora-Zone de Bilbao, jaspeado en azul o beig.","og_url":"https:\/\/decora-zone.com\/producto\/alfombra-santana-803\/","og_site_name":"Decora-zone","article_publisher":"https:\/\/www.facebook.com\/decorazone.bilbao\/","article_modified_time":"2025-03-10T17:04:45+00:00","og_image":[{"width":768,"height":768,"url":"https:\/\/decora-zone.com\/wp-content\/uploads\/2021\/01\/Santana-Azul-803a.jpg","type":"image\/jpeg"}],"schema":{"@context":"https:\/\/schema.org","@graph":[{"@type":"WebPage","@id":"https:\/\/decora-zone.com\/producto\/alfombra-santana-803\/","url":"https:\/\/decora-zone.com\/producto\/alfombra-santana-803\/","name":"Alfombra Santana 803Alfombra Santana 803 - Decora-zone","isPartOf":{"@id":"https:\/\/decora-zone.com\/#website"},"primaryImageOfPage":{"@id":"https:\/\/decora-zone.com\/producto\/alfombra-santana-803\/#primaryimage"},"image":{"@id":"https:\/\/decora-zone.com\/producto\/alfombra-santana-803\/#primaryimage"},"thumbnailUrl":"https:\/\/decora-zone.com\/wp-content\/uploads\/2021\/01\/Santana-Azul-803a.jpg","datePublished":"2021-01-20T09:55:57+00:00","dateModified":"2025-03-10T17:04:45+00:00","description":"Alfombra Santana 803 100% Poliester de la firma de referencia nacional Sualsa en Decora-Zone de Bilbao, jaspeado en azul o beig.","breadcrumb":{"@id":"https:\/\/decora-zone.com\/producto\/alfombra-santana-803\/#breadcrumb"},"inLanguage":"en-US","potentialAction":[{"@type":"ReadAction","target":["https:\/\/decora-zone.com\/producto\/alfombra-santana-803\/"]}]},{"@type":"ImageObject","inLanguage":"en-US","@id":"https:\/\/decora-zone.com\/producto\/alfombra-santana-803\/#primaryimage","url":"https:\/\/decora-zone.com\/wp-content\/uploads\/2021\/01\/Santana-Azul-803a.jpg","contentUrl":"https:\/\/decora-zone.com\/wp-content\/uploads\/2021\/01\/Santana-Azul-803a.jpg","width":768,"height":768,"caption":"Alfombra Santana Azul 803"},{"@type":"BreadcrumbList","@id":"https:\/\/decora-zone.com\/producto\/alfombra-santana-803\/#breadcrumb","itemListElement":[{"@type":"ListItem","position":1,"name":"Portada","item":"https:\/\/decora-zone.com\/"},{"@type":"ListItem","position":2,"name":"Productos","item":"https:\/\/decora-zone.com\/tienda-alfombras-cortinas-bilbao\/"},{"@type":"ListItem","position":3,"name":"Alfombra Santana 803"}]},{"@type":"WebSite","@id":"https:\/\/decora-zone.com\/#website","url":"https:\/\/decora-zone.com\/","name":"Decora-zone","description":"Especialistas en cortinas y alfombras de dise\u00f1o en Bilbao","publisher":{"@id":"https:\/\/decora-zone.com\/#organization"},"potentialAction":[{"@type":"SearchAction","target":{"@type":"EntryPoint","urlTemplate":"https:\/\/decora-zone.com\/?s={search_term_string}"},"query-input":{"@type":"PropertyValueSpecification","valueRequired":true,"valueName":"search_term_string"}}],"inLanguage":"en-US"},{"@type":"Organization","@id":"https:\/\/decora-zone.com\/#organization","name":"Decora-Zone Tienda de Decoraci\u00f3n en Bilbao","url":"https:\/\/decora-zone.com\/","logo":{"@type":"ImageObject","inLanguage":"en-US","@id":"https:\/\/decora-zone.com\/#\/schema\/logo\/image\/","url":"https:\/\/decora-zone.com\/wp-content\/uploads\/2014\/02\/logotipo-decora-zone-alfombras-cortinas-decoracion-bilbao.jpg","contentUrl":"https:\/\/decora-zone.com\/wp-content\/uploads\/2014\/02\/logotipo-decora-zone-alfombras-cortinas-decoracion-bilbao.jpg","width":484,"height":230,"caption":"Decora-Zone Tienda de Decoraci\u00f3n en Bilbao"},"image":{"@id":"https:\/\/decora-zone.com\/#\/schema\/logo\/image\/"},"sameAs":["https:\/\/www.facebook.com\/decorazone.bilbao\/","https:\/\/www.instagram.com\/decora_zone_\/","https:\/\/co.pinterest.com\/Decora_Zone\/"]}]}},"_links":{"self":[{"href":"https:\/\/decora-zone.com\/en\/wp-json\/wp\/v2\/product\/10045","targetHints":{"allow":["GET"]}}],"collection":[{"href":"https:\/\/decora-zone.com\/en\/wp-json\/wp\/v2\/product"}],"about":[{"href":"https:\/\/decora-zone.com\/en\/wp-json\/wp\/v2\/types\/product"}],"replies":[{"embeddable":true,"href":"https:\/\/decora-zone.com\/en\/wp-json\/wp\/v2\/comments?post=10045"}],"wp:featuredmedia":[{"embeddable":true,"href":"https:\/\/decora-zone.com\/en\/wp-json\/wp\/v2\/media\/10051"}],"wp:attachment":[{"href":"https:\/\/decora-zone.com\/en\/wp-json\/wp\/v2\/media?parent=10045"}],"wp:term":[{"taxonomy":"product_brand","embeddable":true,"href":"https:\/\/decora-zone.com\/en\/wp-json\/wp\/v2\/product_brand?post=10045"},{"taxonomy":"product_cat","embeddable":true,"href":"https:\/\/decora-zone.com\/en\/wp-json\/wp\/v2\/product_cat?post=10045"},{"taxonomy":"product_tag","embeddable":true,"href":"https:\/\/decora-zone.com\/en\/wp-json\/wp\/v2\/product_tag?post=10045"}],"curies":[{"name":"wp","href":"https:\/\/api.w.org\/{rel}","templated":true}]}}